{"id":37,"date":"2025-07-08T17:53:11","date_gmt":"2025-07-08T20:53:11","guid":{"rendered":"http:\/\/vetiradentes.com.br\/?page_id=37"},"modified":"2025-10-23T18:50:51","modified_gmt":"2025-10-23T21:50:51","slug":"clinica-veterinaria","status":"publish","type":"page","link":"https:\/\/vetiradentes.com.br\/","title":{"rendered":"In\u00edcio"},"content":{"rendered":"\t\t<div data-elementor-type=\"wp-page\" data-elementor-id=\"37\" class=\"elementor elementor-37\" data-elementor-post-type=\"page\">\n\t\t\t\t<div class=\"elementor-element elementor-element-90003d2 e-flex e-con-boxed e-con e-parent\" data-id=\"90003d2\" data-element_type=\"container\">\n\t\t\t\t\t<div class=\"e-con-inner\">\n\t\t\t\t<div class=\"elementor-element elementor-element-c0ccc62 elementor-widget elementor-widget-image\" data-id=\"c0ccc62\" data-element_type=\"widget\" data-widget_type=\"image.default\">\n\t\t\t\t\t\t\t\t\t\t\t\t\t\t\t<img decoding=\"async\" src=\"https:\/\/vetiradentes.com.br\/wp-content\/uploads\/2025\/10\/WhatsApp-Image-2025-10-23-at-18.45.14.jpeg\" title=\"WhatsApp Image 2025-10-23 at 18.45.14\" alt=\"WhatsApp Image 2025-10-23 at 18.45.14\" loading=\"lazy\" \/>\t\t\t\t\t\t\t\t\t\t\t\t\t\t\t<\/div>\n\t\t\t\t\t<\/div>\n\t\t\t\t<\/div>\n\t\t<div class=\"elementor-element elementor-element-43b3e7b0 e-flex e-con-boxed e-con e-parent\" data-id=\"43b3e7b0\" data-element_type=\"container\">\n\t\t\t\t\t<div class=\"e-con-inner\">\n\t\t\t\t<div class=\"elementor-element elementor-element-52086da7 elementor-widget elementor-widget-text-editor\" data-id=\"52086da7\" data-element_type=\"widget\" data-widget_type=\"text-editor.default\">\n\t\t\t\t\t\t\t\t\t\n<h2 class=\"wp-block-heading has-text-align-center\">A nossa fam\u00edlia cuidando da sua!<\/h2>\n\n<blockquote class=\"wp-block-quote is-layout-flow wp-block-quote-is-layout-flow\">\n<p class=\"has-text-align-center\">Seja bem-vindo!<\/p>\n\n<p class=\"has-text-align-center\">Somos uma das primeiras e mais tradicionais Cl\u00ednicas Veterin\u00e1rias da cidade de Niter\u00f3i, tendo o in\u00edcio de nossas atividades em 1979.<\/p>\n\n<p class=\"has-text-align-center\" style=\"margin: 0;\">Trabalhamos com dedica\u00e7\u00e3o, compet\u00eancia, respeito e carinho com nossos pacientes, clientes, equipe e parceiros. Nos orgulhamos de construir la\u00e7os que seguem gera\u00e7\u00f5es de fam\u00edlias, selando relacionamentos de confian\u00e7a e comprometimento.<\/p>\n<\/blockquote>\n\n<p style=\"padding: 0;\">\u00a0<\/p>\n\t\t\t\t\t\t\t\t<\/div>\n\t\t\t\t\t<\/div>\n\t\t\t\t<\/div>\n\t\t\t\t<\/div>\n\t\t","protected":false},"excerpt":{"rendered":"<p>A nossa fam\u00edlia cuidando da sua! Seja bem-vindo! Somos uma das primeiras e mais tradicionais Cl\u00ednicas Veterin\u00e1rias da cidade de [&hellip;]<\/p>\n","protected":false},"author":1,"featured_media":0,"parent":0,"menu_order":1,"comment_status":"closed","ping_status":"closed","template":"elementor_header_footer","meta":{"site-sidebar-layout":"default","site-content-layout":"","ast-site-content-layout":"default","site-content-style":"default","site-sidebar-style":"default","ast-global-header-display":"","ast-banner-title-visibility":"","ast-main-header-display":"","ast-hfb-above-header-display":"","ast-hfb-below-header-display":"","ast-hfb-mobile-header-display":"","site-post-title":"","ast-breadcrumbs-content":"","ast-featured-img":"","footer-sml-layout":"","theme-transparent-header-meta":"","adv-header-id-meta":"","stick-header-meta":"","header-above-stick-meta":"","header-main-stick-meta":"","header-below-stick-meta":"","astra-migrate-meta-layouts":"default","ast-page-background-enabled":"default","ast-page-background-meta":{"desktop":{"background-color":"var(--ast-global-color-5)","background-image":"","background-repeat":"repeat","background-position":"center center","background-size":"auto","background-attachment":"scroll","background-type":"","background-media":"","overlay-type":"","overlay-color":"","overlay-opacity":"","overlay-gradient":""},"tablet":{"background-color":"","background-image":"","background-repeat":"repeat","background-position":"center center","background-size":"auto","background-attachment":"scroll","background-type":"","background-media":"","overlay-type":"","overlay-color":"","overlay-opacity":"","overlay-gradient":""},"mobile":{"background-color":"","background-image":"","background-repeat":"repeat","background-position":"center center","background-size":"auto","background-attachment":"scroll","background-type":"","background-media":"","overlay-type":"","overlay-color":"","overlay-opacity":"","overlay-gradient":""}},"ast-content-background-meta":{"desktop":{"background-color":"var(--ast-global-color-4)","background-image":"","background-repeat":"repeat","background-position":"center center","background-size":"auto","background-attachment":"scroll","background-type":"","background-media":"","overlay-type":"","overlay-color":"","overlay-opacity":"","overlay-gradient":""},"tablet":{"background-color":"var(--ast-global-color-4)","background-image":"","background-repeat":"repeat","background-position":"center center","background-size":"auto","background-attachment":"scroll","background-type":"","background-media":"","overlay-type":"","overlay-color":"","overlay-opacity":"","overlay-gradient":""},"mobile":{"background-color":"var(--ast-global-color-4)","background-image":"","background-repeat":"repeat","background-position":"center center","background-size":"auto","background-attachment":"scroll","background-type":"","background-media":"","overlay-type":"","overlay-color":"","overlay-opacity":"","overlay-gradient":""}},"footnotes":""},"class_list":["post-37","page","type-page","status-publish","hentry"],"_links":{"self":[{"href":"https:\/\/vetiradentes.com.br\/index.php?rest_route=\/wp\/v2\/pages\/37","targetHints":{"allow":["GET"]}}],"collection":[{"href":"https:\/\/vetiradentes.com.br\/index.php?rest_route=\/wp\/v2\/pages"}],"about":[{"href":"https:\/\/vetiradentes.com.br\/index.php?rest_route=\/wp\/v2\/types\/page"}],"author":[{"embeddable":true,"href":"https:\/\/vetiradentes.com.br\/index.php?rest_route=\/wp\/v2\/users\/1"}],"replies":[{"embeddable":true,"href":"https:\/\/vetiradentes.com.br\/index.php?rest_route=%2Fwp%2Fv2%2Fcomments&post=37"}],"version-history":[{"count":17,"href":"https:\/\/vetiradentes.com.br\/index.php?rest_route=\/wp\/v2\/pages\/37\/revisions"}],"predecessor-version":[{"id":104,"href":"https:\/\/vetiradentes.com.br\/index.php?rest_route=\/wp\/v2\/pages\/37\/revisions\/104"}],"wp:attachment":[{"href":"https:\/\/vetiradentes.com.br\/index.php?rest_route=%2Fwp%2Fv2%2Fmedia&parent=37"}],"curies":[{"name":"wp","href":"https:\/\/api.w.org\/{rel}","templated":true}]}}